{"id":3904,"date":"2023-07-11T14:49:47","date_gmt":"2023-07-11T14:49:47","guid":{"rendered":"https:\/\/qrewmentor.com\/?post_type=product&#038;p=3904"},"modified":"2023-11-03T08:59:06","modified_gmt":"2023-11-03T08:59:06","slug":"cuando-te-toca-volar-con-ciertos-companeros-as-te-cambia-el-estado-de-animo-y-el-dia-se-te-hace-mas-dificil","status":"publish","type":"product","link":"https:\/\/qrewmentor.com\/es\/producto\/cuando-te-toca-volar-con-ciertos-companeros-as-te-cambia-el-estado-de-animo-y-el-dia-se-te-hace-mas-dificil\/","title":{"rendered":"\u00bfCuando te toca volar con ciertos compa\u00f1eros\/as te cambia el estado de \u00e1nimo y el d\u00eda se te hace m\u00e1s dif\u00edcil?"},"content":{"rendered":"","protected":false},"excerpt":{"rendered":"<ul>\n<li>El autoconocimiento como herramienta de gesti\u00f3n<\/li>\n<li>La comunicaci\u00f3n efectiva<\/li>\n<li>La b\u00fasqueda de puntos comunes<\/li>\n<li>Alternativas a la imposibilidad de resoluci\u00f3n del conflicto<\/li>\n<\/ul>\n","protected":false},"featured_media":3905,"template":"","meta":[],"product_brand":[],"product_cat":[235],"product_tag":[],"class_list":{"0":"post-3904","1":"product","2":"type-product","3":"status-publish","4":"has-post-thumbnail","6":"product_cat-aircrew-coaching","8":"first","9":"instock","10":"virtual","11":"purchasable","12":"product-type-simple"},"yoast_head":"<!-- This site is optimized with the Yoast SEO plugin v24.6 - https:\/\/yoast.com\/wordpress\/plugins\/seo\/ -->\n<title>\u00bfCuando te toca volar con ciertos compa\u00f1eros\/as te cambia el estado de \u00e1nimo y el d\u00eda se te hace m\u00e1s dif\u00edcil? - Qrewmentor<\/title>\n<meta name=\"robots\" content=\"index, follow, max-snippet:-1, max-image-preview:large, max-video-preview:-1\" \/>\n<link rel=\"canonical\" href=\"https:\/\/qrewmentor.com\/es\/producto\/cuando-te-toca-volar-con-ciertos-companeros-as-te-cambia-el-estado-de-animo-y-el-dia-se-te-hace-mas-dificil\" \/>\n<meta property=\"og:locale\" content=\"es_ES\" \/>\n<meta property=\"og:type\" content=\"article\" \/>\n<meta property=\"og:title\" content=\"\u00bfCuando te toca volar con ciertos compa\u00f1eros\/as te cambia el estado de \u00e1nimo y el d\u00eda se te hace m\u00e1s dif\u00edcil? - Qrewmentor\" \/>\n<meta property=\"og:description\" content=\"El autoconocimiento como herramienta de gesti\u00f3n  La comunicaci\u00f3n efectiva  La b\u00fasqueda de puntos comunes  Alternativas a la imposibilidad de resoluci\u00f3n del conflicto\" \/>\n<meta property=\"og:url\" content=\"https:\/\/qrewmentor.com\/es\/producto\/cuando-te-toca-volar-con-ciertos-companeros-as-te-cambia-el-estado-de-animo-y-el-dia-se-te-hace-mas-dificil\" \/>\n<meta property=\"og:site_name\" content=\"Qrewmentor\" \/>\n<meta property=\"article:modified_time\" content=\"2023-11-03T08:59:06+00:00\" \/>\n<meta property=\"og:image\" content=\"https:\/\/qrewmentor.com\/wp-content\/uploads\/2023\/07\/No-me-llevo-bien.jpg\" \/>\n\t<meta property=\"og:image:width\" content=\"1080\" \/>\n\t<meta property=\"og:image:height\" content=\"1080\" \/>\n\t<meta property=\"og:image:type\" content=\"image\/jpeg\" \/>\n<meta name=\"twitter:card\" content=\"summary_large_image\" \/>\n<script type=\"application\/ld+json\" class=\"yoast-schema-graph\">{\"@context\":\"https:\/\/schema.org\",\"@graph\":[{\"@type\":\"WebPage\",\"@id\":\"https:\/\/qrewmentor.com\/es\/producto\/cuando-te-toca-volar-con-ciertos-companeros-as-te-cambia-el-estado-de-animo-y-el-dia-se-te-hace-mas-dificil\",\"url\":\"https:\/\/qrewmentor.com\/es\/producto\/cuando-te-toca-volar-con-ciertos-companeros-as-te-cambia-el-estado-de-animo-y-el-dia-se-te-hace-mas-dificil\",\"name\":\"\u00bfCuando te toca volar con ciertos compa\u00f1eros\/as te cambia el estado de \u00e1nimo y el d\u00eda se te hace m\u00e1s dif\u00edcil? - Qrewmentor\",\"isPartOf\":{\"@id\":\"https:\/\/qrewmentor.com\/#website\"},\"primaryImageOfPage\":{\"@id\":\"https:\/\/qrewmentor.com\/es\/producto\/cuando-te-toca-volar-con-ciertos-companeros-as-te-cambia-el-estado-de-animo-y-el-dia-se-te-hace-mas-dificil#primaryimage\"},\"image\":{\"@id\":\"https:\/\/qrewmentor.com\/es\/producto\/cuando-te-toca-volar-con-ciertos-companeros-as-te-cambia-el-estado-de-animo-y-el-dia-se-te-hace-mas-dificil#primaryimage\"},\"thumbnailUrl\":\"https:\/\/qrewmentor.com\/wp-content\/uploads\/2023\/07\/No-me-llevo-bien.jpg\",\"datePublished\":\"2023-07-11T14:49:47+00:00\",\"dateModified\":\"2023-11-03T08:59:06+00:00\",\"breadcrumb\":{\"@id\":\"https:\/\/qrewmentor.com\/es\/producto\/cuando-te-toca-volar-con-ciertos-companeros-as-te-cambia-el-estado-de-animo-y-el-dia-se-te-hace-mas-dificil#breadcrumb\"},\"inLanguage\":\"es\",\"potentialAction\":[{\"@type\":\"ReadAction\",\"target\":[\"https:\/\/qrewmentor.com\/es\/producto\/cuando-te-toca-volar-con-ciertos-companeros-as-te-cambia-el-estado-de-animo-y-el-dia-se-te-hace-mas-dificil\"]}]},{\"@type\":\"ImageObject\",\"inLanguage\":\"es\",\"@id\":\"https:\/\/qrewmentor.com\/es\/producto\/cuando-te-toca-volar-con-ciertos-companeros-as-te-cambia-el-estado-de-animo-y-el-dia-se-te-hace-mas-dificil#primaryimage\",\"url\":\"https:\/\/qrewmentor.com\/wp-content\/uploads\/2023\/07\/No-me-llevo-bien.jpg\",\"contentUrl\":\"https:\/\/qrewmentor.com\/wp-content\/uploads\/2023\/07\/No-me-llevo-bien.jpg\",\"width\":1080,\"height\":1080},{\"@type\":\"BreadcrumbList\",\"@id\":\"https:\/\/qrewmentor.com\/es\/producto\/cuando-te-toca-volar-con-ciertos-companeros-as-te-cambia-el-estado-de-animo-y-el-dia-se-te-hace-mas-dificil#breadcrumb\",\"itemListElement\":[{\"@type\":\"ListItem\",\"position\":1,\"name\":\"Home\",\"item\":\"https:\/\/qrewmentor.com\/es\/\"},{\"@type\":\"ListItem\",\"position\":2,\"name\":\"Tienda\",\"item\":\"https:\/\/qrewmentor.com\/es\/tienda\/\"},{\"@type\":\"ListItem\",\"position\":3,\"name\":\"\u00bfCuando te toca volar con ciertos compa\u00f1eros\/as te cambia el estado de \u00e1nimo y el d\u00eda se te hace m\u00e1s dif\u00edcil?\"}]},{\"@type\":\"WebSite\",\"@id\":\"https:\/\/qrewmentor.com\/#website\",\"url\":\"https:\/\/qrewmentor.com\/\",\"name\":\"Qrewmentor\",\"description\":\"\",\"potentialAction\":[{\"@type\":\"SearchAction\",\"target\":{\"@type\":\"EntryPoint\",\"urlTemplate\":\"https:\/\/qrewmentor.com\/?s={search_term_string}\"},\"query-input\":{\"@type\":\"PropertyValueSpecification\",\"valueRequired\":true,\"valueName\":\"search_term_string\"}}],\"inLanguage\":\"es\"}]}<\/script>\n<!-- \/ Yoast SEO plugin. -->","yoast_head_json":{"title":"\u00bfCuando te toca volar con ciertos compa\u00f1eros\/as te cambia el estado de \u00e1nimo y el d\u00eda se te hace m\u00e1s dif\u00edcil? - Qrewmentor","robots":{"index":"index","follow":"follow","max-snippet":"max-snippet:-1","max-image-preview":"max-image-preview:large","max-video-preview":"max-video-preview:-1"},"canonical":"https:\/\/qrewmentor.com\/es\/producto\/cuando-te-toca-volar-con-ciertos-companeros-as-te-cambia-el-estado-de-animo-y-el-dia-se-te-hace-mas-dificil","og_locale":"es_ES","og_type":"article","og_title":"\u00bfCuando te toca volar con ciertos compa\u00f1eros\/as te cambia el estado de \u00e1nimo y el d\u00eda se te hace m\u00e1s dif\u00edcil? - Qrewmentor","og_description":"El autoconocimiento como herramienta de gesti\u00f3n  La comunicaci\u00f3n efectiva  La b\u00fasqueda de puntos comunes  Alternativas a la imposibilidad de resoluci\u00f3n del conflicto","og_url":"https:\/\/qrewmentor.com\/es\/producto\/cuando-te-toca-volar-con-ciertos-companeros-as-te-cambia-el-estado-de-animo-y-el-dia-se-te-hace-mas-dificil","og_site_name":"Qrewmentor","article_modified_time":"2023-11-03T08:59:06+00:00","og_image":[{"width":1080,"height":1080,"url":"https:\/\/qrewmentor.com\/wp-content\/uploads\/2023\/07\/No-me-llevo-bien.jpg","type":"image\/jpeg"}],"twitter_card":"summary_large_image","schema":{"@context":"https:\/\/schema.org","@graph":[{"@type":"WebPage","@id":"https:\/\/qrewmentor.com\/es\/producto\/cuando-te-toca-volar-con-ciertos-companeros-as-te-cambia-el-estado-de-animo-y-el-dia-se-te-hace-mas-dificil","url":"https:\/\/qrewmentor.com\/es\/producto\/cuando-te-toca-volar-con-ciertos-companeros-as-te-cambia-el-estado-de-animo-y-el-dia-se-te-hace-mas-dificil","name":"\u00bfCuando te toca volar con ciertos compa\u00f1eros\/as te cambia el estado de \u00e1nimo y el d\u00eda se te hace m\u00e1s dif\u00edcil? - Qrewmentor","isPartOf":{"@id":"https:\/\/qrewmentor.com\/#website"},"primaryImageOfPage":{"@id":"https:\/\/qrewmentor.com\/es\/producto\/cuando-te-toca-volar-con-ciertos-companeros-as-te-cambia-el-estado-de-animo-y-el-dia-se-te-hace-mas-dificil#primaryimage"},"image":{"@id":"https:\/\/qrewmentor.com\/es\/producto\/cuando-te-toca-volar-con-ciertos-companeros-as-te-cambia-el-estado-de-animo-y-el-dia-se-te-hace-mas-dificil#primaryimage"},"thumbnailUrl":"https:\/\/qrewmentor.com\/wp-content\/uploads\/2023\/07\/No-me-llevo-bien.jpg","datePublished":"2023-07-11T14:49:47+00:00","dateModified":"2023-11-03T08:59:06+00:00","breadcrumb":{"@id":"https:\/\/qrewmentor.com\/es\/producto\/cuando-te-toca-volar-con-ciertos-companeros-as-te-cambia-el-estado-de-animo-y-el-dia-se-te-hace-mas-dificil#breadcrumb"},"inLanguage":"es","potentialAction":[{"@type":"ReadAction","target":["https:\/\/qrewmentor.com\/es\/producto\/cuando-te-toca-volar-con-ciertos-companeros-as-te-cambia-el-estado-de-animo-y-el-dia-se-te-hace-mas-dificil"]}]},{"@type":"ImageObject","inLanguage":"es","@id":"https:\/\/qrewmentor.com\/es\/producto\/cuando-te-toca-volar-con-ciertos-companeros-as-te-cambia-el-estado-de-animo-y-el-dia-se-te-hace-mas-dificil#primaryimage","url":"https:\/\/qrewmentor.com\/wp-content\/uploads\/2023\/07\/No-me-llevo-bien.jpg","contentUrl":"https:\/\/qrewmentor.com\/wp-content\/uploads\/2023\/07\/No-me-llevo-bien.jpg","width":1080,"height":1080},{"@type":"BreadcrumbList","@id":"https:\/\/qrewmentor.com\/es\/producto\/cuando-te-toca-volar-con-ciertos-companeros-as-te-cambia-el-estado-de-animo-y-el-dia-se-te-hace-mas-dificil#breadcrumb","itemListElement":[{"@type":"ListItem","position":1,"name":"Home","item":"https:\/\/qrewmentor.com\/es\/"},{"@type":"ListItem","position":2,"name":"Tienda","item":"https:\/\/qrewmentor.com\/es\/tienda\/"},{"@type":"ListItem","position":3,"name":"\u00bfCuando te toca volar con ciertos compa\u00f1eros\/as te cambia el estado de \u00e1nimo y el d\u00eda se te hace m\u00e1s dif\u00edcil?"}]},{"@type":"WebSite","@id":"https:\/\/qrewmentor.com\/#website","url":"https:\/\/qrewmentor.com\/","name":"Qrewmentor","description":"","potentialAction":[{"@type":"SearchAction","target":{"@type":"EntryPoint","urlTemplate":"https:\/\/qrewmentor.com\/?s={search_term_string}"},"query-input":{"@type":"PropertyValueSpecification","valueRequired":true,"valueName":"search_term_string"}}],"inLanguage":"es"}]}},"_links":{"self":[{"href":"https:\/\/qrewmentor.com\/es\/wp-json\/wp\/v2\/product\/3904","targetHints":{"allow":["GET"]}}],"collection":[{"href":"https:\/\/qrewmentor.com\/es\/wp-json\/wp\/v2\/product"}],"about":[{"href":"https:\/\/qrewmentor.com\/es\/wp-json\/wp\/v2\/types\/product"}],"version-history":[{"count":3,"href":"https:\/\/qrewmentor.com\/es\/wp-json\/wp\/v2\/product\/3904\/revisions"}],"predecessor-version":[{"id":3927,"href":"https:\/\/qrewmentor.com\/es\/wp-json\/wp\/v2\/product\/3904\/revisions\/3927"}],"wp:featuredmedia":[{"embeddable":true,"href":"https:\/\/qrewmentor.com\/es\/wp-json\/wp\/v2\/media\/3905"}],"wp:attachment":[{"href":"https:\/\/qrewmentor.com\/es\/wp-json\/wp\/v2\/media?parent=3904"}],"wp:term":[{"taxonomy":"product_brand","embeddable":true,"href":"https:\/\/qrewmentor.com\/es\/wp-json\/wp\/v2\/product_brand?post=3904"},{"taxonomy":"product_cat","embeddable":true,"href":"https:\/\/qrewmentor.com\/es\/wp-json\/wp\/v2\/product_cat?post=3904"},{"taxonomy":"product_tag","embeddable":true,"href":"https:\/\/qrewmentor.com\/es\/wp-json\/wp\/v2\/product_tag?post=3904"}],"curies":[{"name":"wp","href":"https:\/\/api.w.org\/{rel}","templated":true}]}}