{"id":2445,"date":"2023-02-15T16:30:48","date_gmt":"2023-02-15T16:30:48","guid":{"rendered":"https:\/\/qrewmentor.com\/product\/how-to-create-a-good-cabin-crew-cv"},"modified":"2023-03-07T16:45:07","modified_gmt":"2023-03-07T16:45:07","slug":"como-crear-el-cv-perfecto-para-tcp","status":"publish","type":"product","link":"https:\/\/qrewmentor.com\/es\/producto\/como-crear-el-cv-perfecto-para-tcp\/","title":{"rendered":"C\u00f3mo crear el CV perfecto para TCP"},"content":{"rendered":"","protected":false},"excerpt":{"rendered":"<p>El primer paso para una entrevista siempre es mandar tu curriculum, por esta raz\u00f3n es importante tener uno alienado con lo que una aerol\u00ednea seria busca en sus tripulantes.<br \/>\nSi estas buscando la mejor gu\u00eda para tener un CV excelente, esta es.<\/p>\n","protected":false},"featured_media":2447,"template":"","meta":[],"product_brand":[],"product_cat":[149],"product_tag":[],"class_list":{"0":"post-2445","1":"product","2":"type-product","3":"status-publish","4":"has-post-thumbnail","6":"product_cat-libros","8":"first","9":"instock","10":"downloadable","11":"shipping-taxable","12":"purchasable","13":"product-type-simple"},"yoast_head":"<!-- This site is optimized with the Yoast SEO plugin v24.6 - https:\/\/yoast.com\/wordpress\/plugins\/seo\/ -->\n<title>C\u00f3mo crear el CV perfecto para TCP - Qrewmentor<\/title>\n<meta name=\"robots\" content=\"index, follow, max-snippet:-1, max-image-preview:large, max-video-preview:-1\" \/>\n<link rel=\"canonical\" href=\"https:\/\/qrewmentor.com\/es\/producto\/como-crear-el-cv-perfecto-para-tcp\" \/>\n<meta property=\"og:locale\" content=\"es_ES\" \/>\n<meta property=\"og:type\" content=\"article\" \/>\n<meta property=\"og:title\" content=\"C\u00f3mo crear el CV perfecto para TCP - Qrewmentor\" \/>\n<meta property=\"og:description\" content=\"El primer paso para una entrevista siempre es mandar tu curriculum, por esta raz\u00f3n es importante tener uno alienado con lo que una aerol\u00ednea seria busca en sus tripulantes. Si estas buscando la mejor gu\u00eda para tener un CV excelente, esta es.\" \/>\n<meta property=\"og:url\" content=\"https:\/\/qrewmentor.com\/es\/producto\/como-crear-el-cv-perfecto-para-tcp\" \/>\n<meta property=\"og:site_name\" content=\"Qrewmentor\" \/>\n<meta property=\"article:modified_time\" content=\"2023-03-07T16:45:07+00:00\" \/>\n<meta property=\"og:image\" content=\"https:\/\/qrewmentor.com\/wp-content\/uploads\/2023\/02\/books_cv-perfecto.jpg\" \/>\n\t<meta property=\"og:image:width\" content=\"420\" \/>\n\t<meta property=\"og:image:height\" content=\"596\" \/>\n\t<meta property=\"og:image:type\" content=\"image\/jpeg\" \/>\n<meta name=\"twitter:card\" content=\"summary_large_image\" \/>\n<script type=\"application\/ld+json\" class=\"yoast-schema-graph\">{\"@context\":\"https:\/\/schema.org\",\"@graph\":[{\"@type\":\"WebPage\",\"@id\":\"https:\/\/qrewmentor.com\/es\/producto\/como-crear-el-cv-perfecto-para-tcp\",\"url\":\"https:\/\/qrewmentor.com\/es\/producto\/como-crear-el-cv-perfecto-para-tcp\",\"name\":\"C\u00f3mo crear el CV perfecto para TCP - Qrewmentor\",\"isPartOf\":{\"@id\":\"https:\/\/qrewmentor.com\/#website\"},\"primaryImageOfPage\":{\"@id\":\"https:\/\/qrewmentor.com\/es\/producto\/como-crear-el-cv-perfecto-para-tcp#primaryimage\"},\"image\":{\"@id\":\"https:\/\/qrewmentor.com\/es\/producto\/como-crear-el-cv-perfecto-para-tcp#primaryimage\"},\"thumbnailUrl\":\"https:\/\/qrewmentor.com\/wp-content\/uploads\/2023\/02\/books_cv-perfecto.jpg\",\"datePublished\":\"2023-02-15T16:30:48+00:00\",\"dateModified\":\"2023-03-07T16:45:07+00:00\",\"breadcrumb\":{\"@id\":\"https:\/\/qrewmentor.com\/es\/producto\/como-crear-el-cv-perfecto-para-tcp#breadcrumb\"},\"inLanguage\":\"es\",\"potentialAction\":[{\"@type\":\"ReadAction\",\"target\":[\"https:\/\/qrewmentor.com\/es\/producto\/como-crear-el-cv-perfecto-para-tcp\"]}]},{\"@type\":\"ImageObject\",\"inLanguage\":\"es\",\"@id\":\"https:\/\/qrewmentor.com\/es\/producto\/como-crear-el-cv-perfecto-para-tcp#primaryimage\",\"url\":\"https:\/\/qrewmentor.com\/wp-content\/uploads\/2023\/02\/books_cv-perfecto.jpg\",\"contentUrl\":\"https:\/\/qrewmentor.com\/wp-content\/uploads\/2023\/02\/books_cv-perfecto.jpg\",\"width\":420,\"height\":596},{\"@type\":\"BreadcrumbList\",\"@id\":\"https:\/\/qrewmentor.com\/es\/producto\/como-crear-el-cv-perfecto-para-tcp#breadcrumb\",\"itemListElement\":[{\"@type\":\"ListItem\",\"position\":1,\"name\":\"Home\",\"item\":\"https:\/\/qrewmentor.com\/es\/\"},{\"@type\":\"ListItem\",\"position\":2,\"name\":\"Tienda\",\"item\":\"https:\/\/qrewmentor.com\/es\/tienda\/\"},{\"@type\":\"ListItem\",\"position\":3,\"name\":\"C\u00f3mo crear el CV perfecto para TCP\"}]},{\"@type\":\"WebSite\",\"@id\":\"https:\/\/qrewmentor.com\/#website\",\"url\":\"https:\/\/qrewmentor.com\/\",\"name\":\"Qrewmentor\",\"description\":\"\",\"potentialAction\":[{\"@type\":\"SearchAction\",\"target\":{\"@type\":\"EntryPoint\",\"urlTemplate\":\"https:\/\/qrewmentor.com\/?s={search_term_string}\"},\"query-input\":{\"@type\":\"PropertyValueSpecification\",\"valueRequired\":true,\"valueName\":\"search_term_string\"}}],\"inLanguage\":\"es\"}]}<\/script>\n<!-- \/ Yoast SEO plugin. -->","yoast_head_json":{"title":"C\u00f3mo crear el CV perfecto para TCP - Qrewmentor","robots":{"index":"index","follow":"follow","max-snippet":"max-snippet:-1","max-image-preview":"max-image-preview:large","max-video-preview":"max-video-preview:-1"},"canonical":"https:\/\/qrewmentor.com\/es\/producto\/como-crear-el-cv-perfecto-para-tcp","og_locale":"es_ES","og_type":"article","og_title":"C\u00f3mo crear el CV perfecto para TCP - Qrewmentor","og_description":"El primer paso para una entrevista siempre es mandar tu curriculum, por esta raz\u00f3n es importante tener uno alienado con lo que una aerol\u00ednea seria busca en sus tripulantes. Si estas buscando la mejor gu\u00eda para tener un CV excelente, esta es.","og_url":"https:\/\/qrewmentor.com\/es\/producto\/como-crear-el-cv-perfecto-para-tcp","og_site_name":"Qrewmentor","article_modified_time":"2023-03-07T16:45:07+00:00","og_image":[{"width":420,"height":596,"url":"https:\/\/qrewmentor.com\/wp-content\/uploads\/2023\/02\/books_cv-perfecto.jpg","type":"image\/jpeg"}],"twitter_card":"summary_large_image","schema":{"@context":"https:\/\/schema.org","@graph":[{"@type":"WebPage","@id":"https:\/\/qrewmentor.com\/es\/producto\/como-crear-el-cv-perfecto-para-tcp","url":"https:\/\/qrewmentor.com\/es\/producto\/como-crear-el-cv-perfecto-para-tcp","name":"C\u00f3mo crear el CV perfecto para TCP - Qrewmentor","isPartOf":{"@id":"https:\/\/qrewmentor.com\/#website"},"primaryImageOfPage":{"@id":"https:\/\/qrewmentor.com\/es\/producto\/como-crear-el-cv-perfecto-para-tcp#primaryimage"},"image":{"@id":"https:\/\/qrewmentor.com\/es\/producto\/como-crear-el-cv-perfecto-para-tcp#primaryimage"},"thumbnailUrl":"https:\/\/qrewmentor.com\/wp-content\/uploads\/2023\/02\/books_cv-perfecto.jpg","datePublished":"2023-02-15T16:30:48+00:00","dateModified":"2023-03-07T16:45:07+00:00","breadcrumb":{"@id":"https:\/\/qrewmentor.com\/es\/producto\/como-crear-el-cv-perfecto-para-tcp#breadcrumb"},"inLanguage":"es","potentialAction":[{"@type":"ReadAction","target":["https:\/\/qrewmentor.com\/es\/producto\/como-crear-el-cv-perfecto-para-tcp"]}]},{"@type":"ImageObject","inLanguage":"es","@id":"https:\/\/qrewmentor.com\/es\/producto\/como-crear-el-cv-perfecto-para-tcp#primaryimage","url":"https:\/\/qrewmentor.com\/wp-content\/uploads\/2023\/02\/books_cv-perfecto.jpg","contentUrl":"https:\/\/qrewmentor.com\/wp-content\/uploads\/2023\/02\/books_cv-perfecto.jpg","width":420,"height":596},{"@type":"BreadcrumbList","@id":"https:\/\/qrewmentor.com\/es\/producto\/como-crear-el-cv-perfecto-para-tcp#breadcrumb","itemListElement":[{"@type":"ListItem","position":1,"name":"Home","item":"https:\/\/qrewmentor.com\/es\/"},{"@type":"ListItem","position":2,"name":"Tienda","item":"https:\/\/qrewmentor.com\/es\/tienda\/"},{"@type":"ListItem","position":3,"name":"C\u00f3mo crear el CV perfecto para TCP"}]},{"@type":"WebSite","@id":"https:\/\/qrewmentor.com\/#website","url":"https:\/\/qrewmentor.com\/","name":"Qrewmentor","description":"","potentialAction":[{"@type":"SearchAction","target":{"@type":"EntryPoint","urlTemplate":"https:\/\/qrewmentor.com\/?s={search_term_string}"},"query-input":{"@type":"PropertyValueSpecification","valueRequired":true,"valueName":"search_term_string"}}],"inLanguage":"es"}]}},"_links":{"self":[{"href":"https:\/\/qrewmentor.com\/es\/wp-json\/wp\/v2\/product\/2445","targetHints":{"allow":["GET"]}}],"collection":[{"href":"https:\/\/qrewmentor.com\/es\/wp-json\/wp\/v2\/product"}],"about":[{"href":"https:\/\/qrewmentor.com\/es\/wp-json\/wp\/v2\/types\/product"}],"version-history":[{"count":4,"href":"https:\/\/qrewmentor.com\/es\/wp-json\/wp\/v2\/product\/2445\/revisions"}],"predecessor-version":[{"id":2536,"href":"https:\/\/qrewmentor.com\/es\/wp-json\/wp\/v2\/product\/2445\/revisions\/2536"}],"wp:featuredmedia":[{"embeddable":true,"href":"https:\/\/qrewmentor.com\/es\/wp-json\/wp\/v2\/media\/2447"}],"wp:attachment":[{"href":"https:\/\/qrewmentor.com\/es\/wp-json\/wp\/v2\/media?parent=2445"}],"wp:term":[{"taxonomy":"product_brand","embeddable":true,"href":"https:\/\/qrewmentor.com\/es\/wp-json\/wp\/v2\/product_brand?post=2445"},{"taxonomy":"product_cat","embeddable":true,"href":"https:\/\/qrewmentor.com\/es\/wp-json\/wp\/v2\/product_cat?post=2445"},{"taxonomy":"product_tag","embeddable":true,"href":"https:\/\/qrewmentor.com\/es\/wp-json\/wp\/v2\/product_tag?post=2445"}],"curies":[{"name":"wp","href":"https:\/\/api.w.org\/{rel}","templated":true}]}}